

{"id":3269,"date":"2016-02-11T11:30:09","date_gmt":"2016-02-11T10:30:09","guid":{"rendered":"https:\/\/hwh.eu\/kontakt\/"},"modified":"2024-01-25T19:26:29","modified_gmt":"2024-01-25T18:26:29","slug":"kontakt","status":"publish","type":"page","link":"https:\/\/hwh.eu\/de\/kontakt\/","title":{"rendered":"Kontakt"},"content":{"rendered":"<h2><strong>hw&amp;h<\/strong><\/h2>\n<p><span style=\"color: #333333;\">Hertslet Wolfer &amp; Heintz<\/span><br \/>\n<span style=\"color: #333333;\">Avocats &amp; Rechtsanw\u00e4lte<\/span><\/p>\n<p><span style=\"color: #333333;\">Association d\u2019avocats \u00e0 responsabilit\u00e9 professionnelle individuelle (A.A.R.P.I.)<\/span><\/p>\n<p>&nbsp;<\/p>\n<h2><strong>B\u00fcro Paris<\/strong><\/h2>\n<p><span style=\"color: #333333;\">39, rue Pergol\u00e8se 75116 Paris<\/span><br \/>\n<span style=\"color: #333333;\">Tel.:<\/span>\u00a0<span style=\"text-decoration: underline; color: #0000ff;\"><a style=\"color: #0000ff; text-decoration: underline;\" href=\"tel:33145012935\">+33 (0) 1 45 01 29 35<\/a><\/span><br \/>\n<span style=\"color: #333333;\">Fax:<\/span> <span style=\"text-decoration: underline; color: #0000ff;\">+33 (0) 1 45 01 64 47<\/span><br \/>\n<span style=\"color: #333333;\">E-mail:<\/span>\u00a0<span style=\"text-decoration: underline; color: #0000ff;\"><a style=\"color: #0000ff; text-decoration: underline;\" href=\"mailto:hwh@hwh-avocats.com\">hwh@hwh-avocats.com<\/a><\/span><\/p>\n<p>&nbsp;<\/p>\n<h2><strong>B\u00fcro M\u00fcnchen<\/strong><\/h2>\n<p><span style=\"color: #333333;\">Maximilianstra\u00dfe 2, D-80539 Munich<\/span><br \/>\n<span style=\"color: #333333;\">Tel.:<\/span>\u00a0<span style=\"text-decoration: underline; color: #0000ff;\"><a style=\"color: #0000ff; text-decoration: underline;\" href=\"tel:33145012935\">+49 (0) 89 41 32 95 650<\/a><\/span><br \/>\n<span style=\"color: #333333;\">Fax: <span style=\"text-decoration: underline; color: #0000ff;\">+49 (0) 89 41 32 95 651<\/span><\/span><br \/>\n<span style=\"color: #333333;\">E-mail:<\/span>\u00a0<span style=\"text-decoration: underline; color: #0000ff;\"><a style=\"color: #0000ff; text-decoration: underline;\" href=\"mailto:hwh@hwh-avocats.com\">hwh@hwh-avocats.com<\/a><\/span><\/p>\n","protected":false},"excerpt":{"rendered":"<p>hw&amp;h Hertslet Wolfer &amp; Heintz Avocats &amp; Rechtsanw\u00e4lte Association d\u2019avocats \u00e0 responsabilit\u00e9 professionnelle individuelle (A.A.R.P.I.) &nbsp; B\u00fcro Paris 39, rue Pergol\u00e8se 75116 Paris Tel.:\u00a0+33 (0) 1 45 01 29 35 Fax: +33 (0) 1 45 01 64 47 E-mail:\u00a0hwh@hwh-avocats.com &nbsp; B\u00fcro M\u00fcnchen Maximilianstra\u00dfe 2, D-80539 Munich Tel.:\u00a0+49 (0) 89 41 32 95 650 Fax: +49 [&hellip;]<\/p>\n","protected":false},"author":1,"featured_media":0,"parent":0,"menu_order":0,"comment_status":"closed","ping_status":"closed","template":"page-tpl-contact.php","meta":[],"acf":[],"yoast_head":"\n<title>Kontakt | HW&amp;H<\/title>\n<meta name=\"robots\" content=\"index, follow, max-snippet:-1, max-image-preview:large, max-video-preview:-1\" \/>\n<link rel=\"canonical\" href=\"https:\/\/hwh.eu\/de\/kontakt\/\" \/>\n<meta property=\"og:locale\" content=\"de_DE\" \/>\n<meta property=\"og:type\" content=\"article\" \/>\n<meta property=\"og:title\" content=\"Kontakt | HW&amp;H\" \/>\n<meta property=\"og:description\" content=\"hw&amp;h Hertslet Wolfer &amp; Heintz Avocats &amp; Rechtsanw\u00e4lte Association d\u2019avocats \u00e0 responsabilit\u00e9 professionnelle individuelle (A.A.R.P.I.) &nbsp; B\u00fcro Paris 39, rue Pergol\u00e8se 75116 Paris Tel.:\u00a0+33 (0) 1 45 01 29 35 Fax: +33 (0) 1 45 01 64 47 E-mail:\u00a0hwh@hwh-avocats.com &nbsp; B\u00fcro M\u00fcnchen Maximilianstra\u00dfe 2, D-80539 Munich Tel.:\u00a0+49 (0) 89 41 32 95 650 Fax: +49 [&hellip;]\" \/>\n<meta property=\"og:url\" content=\"https:\/\/hwh.eu\/de\/kontakt\/\" \/>\n<meta property=\"og:site_name\" content=\"HW&amp;H\" \/>\n<meta property=\"article:modified_time\" content=\"2024-01-25T18:26:29+00:00\" \/>\n<meta name=\"twitter:card\" content=\"summary_large_image\" \/>\n<meta name=\"twitter:label1\" content=\"Est. reading time\" \/>\n\t<meta name=\"twitter:data1\" content=\"1 minute\" \/>\n<script type=\"application\/ld+json\" class=\"yoast-schema-graph\">{\"@context\":\"https:\/\/schema.org\",\"@graph\":[{\"@type\":\"WebPage\",\"@id\":\"https:\/\/hwh.eu\/de\/kontakt\/\",\"url\":\"https:\/\/hwh.eu\/de\/kontakt\/\",\"name\":\"Kontakt | HW&amp;H\",\"isPartOf\":{\"@id\":\"https:\/\/hwh.eu\/#website\"},\"datePublished\":\"2016-02-11T10:30:09+00:00\",\"dateModified\":\"2024-01-25T18:26:29+00:00\",\"inLanguage\":\"de-DE\",\"potentialAction\":[{\"@type\":\"ReadAction\",\"target\":[\"https:\/\/hwh.eu\/de\/kontakt\/\"]}]},{\"@type\":\"WebSite\",\"@id\":\"https:\/\/hwh.eu\/#website\",\"url\":\"https:\/\/hwh.eu\/\",\"name\":\"HW&amp;H\",\"description\":\"Avocats &amp; Rechtsanw\u00e4lte\",\"potentialAction\":[{\"@type\":\"SearchAction\",\"target\":{\"@type\":\"EntryPoint\",\"urlTemplate\":\"https:\/\/hwh.eu\/?s={search_term_string}\"},\"query-input\":\"required name=search_term_string\"}],\"inLanguage\":\"de-DE\"}]}<\/script>\n","yoast_head_json":{"title":"Kontakt | HW&amp;H","robots":{"index":"index","follow":"follow","max-snippet":"max-snippet:-1","max-image-preview":"max-image-preview:large","max-video-preview":"max-video-preview:-1"},"canonical":"https:\/\/hwh.eu\/de\/kontakt\/","og_locale":"de_DE","og_type":"article","og_title":"Kontakt | HW&amp;H","og_description":"hw&amp;h Hertslet Wolfer &amp; Heintz Avocats &amp; Rechtsanw\u00e4lte Association d\u2019avocats \u00e0 responsabilit\u00e9 professionnelle individuelle (A.A.R.P.I.) &nbsp; B\u00fcro Paris 39, rue Pergol\u00e8se 75116 Paris Tel.:\u00a0+33 (0) 1 45 01 29 35 Fax: +33 (0) 1 45 01 64 47 E-mail:\u00a0hwh@hwh-avocats.com &nbsp; B\u00fcro M\u00fcnchen Maximilianstra\u00dfe 2, D-80539 Munich Tel.:\u00a0+49 (0) 89 41 32 95 650 Fax: +49 [&hellip;]","og_url":"https:\/\/hwh.eu\/de\/kontakt\/","og_site_name":"HW&amp;H","article_modified_time":"2024-01-25T18:26:29+00:00","twitter_card":"summary_large_image","twitter_misc":{"Est. reading time":"1 minute"},"schema":{"@context":"https:\/\/schema.org","@graph":[{"@type":"WebPage","@id":"https:\/\/hwh.eu\/de\/kontakt\/","url":"https:\/\/hwh.eu\/de\/kontakt\/","name":"Kontakt | HW&amp;H","isPartOf":{"@id":"https:\/\/hwh.eu\/#website"},"datePublished":"2016-02-11T10:30:09+00:00","dateModified":"2024-01-25T18:26:29+00:00","inLanguage":"de-DE","potentialAction":[{"@type":"ReadAction","target":["https:\/\/hwh.eu\/de\/kontakt\/"]}]},{"@type":"WebSite","@id":"https:\/\/hwh.eu\/#website","url":"https:\/\/hwh.eu\/","name":"HW&amp;H","description":"Avocats &amp; Rechtsanw\u00e4lte","potentialAction":[{"@type":"SearchAction","target":{"@type":"EntryPoint","urlTemplate":"https:\/\/hwh.eu\/?s={search_term_string}"},"query-input":"required name=search_term_string"}],"inLanguage":"de-DE"}]}},"post_mailing_queue_ids":[],"_links":{"self":[{"href":"https:\/\/hwh.eu\/de\/wp-json\/wp\/v2\/pages\/3269"}],"collection":[{"href":"https:\/\/hwh.eu\/de\/wp-json\/wp\/v2\/pages"}],"about":[{"href":"https:\/\/hwh.eu\/de\/wp-json\/wp\/v2\/types\/page"}],"author":[{"embeddable":true,"href":"https:\/\/hwh.eu\/de\/wp-json\/wp\/v2\/users\/1"}],"replies":[{"embeddable":true,"href":"https:\/\/hwh.eu\/de\/wp-json\/wp\/v2\/comments?post=3269"}],"version-history":[{"count":1,"href":"https:\/\/hwh.eu\/de\/wp-json\/wp\/v2\/pages\/3269\/revisions"}],"predecessor-version":[{"id":3750,"href":"https:\/\/hwh.eu\/de\/wp-json\/wp\/v2\/pages\/3269\/revisions\/3750"}],"wp:attachment":[{"href":"https:\/\/hwh.eu\/de\/wp-json\/wp\/v2\/media?parent=3269"}],"curies":[{"name":"wp","href":"https:\/\/api.w.org\/{rel}","templated":true}]}}