

{"id":3272,"date":"2016-02-11T14:01:18","date_gmt":"2016-02-11T13:01:18","guid":{"rendered":"https:\/\/hwh.eu\/unsere-kanzlei\/"},"modified":"2026-01-13T12:10:06","modified_gmt":"2026-01-13T11:10:06","slug":"unsere-kanzlei","status":"publish","type":"page","link":"https:\/\/hwh.eu\/de\/unsere-kanzlei\/","title":{"rendered":"Vorstellung"},"content":{"rendered":"<p style=\"text-align: justify;\">Die Rechtsanw\u00e4lte von hw&amp;h Hertslet Wolfer &amp; Heintz begleiten Unternehmen und ihre F\u00fchrungskr\u00e4fte bei s\u00e4mtlichen Phasen im Leben eines Unternehmens, bei ihrer t\u00e4glichen Gesch\u00e4ftsf\u00fchrung und ihren Beziehungen mit ihren Gesch\u00e4ftspartnern und den Beh\u00f6rden ebenso wie bei Wachstumsma\u00dfnahmen, Restrukturierungen oder besonderen Ereignissen.<\/p>\n<p style=\"text-align: justify;\">Alle Rechtsanw\u00e4lte von hw&amp;h Hertslet Wolfer &amp; Heintz stellen im Sinne einer umfassenden Begleitung und eines vor- und nachgelagerten Risikomanagements einen zweigleisigen Ansatz in den Mittelpunkt ihrer T\u00e4tigkeit, der sowohl die Beratung als auch die Prozessf\u00fchrung einschlie\u00dft. Das Instrument eines Rechtsstreits wird einerseits zu strategischen Zwecken eingesetzt, aber selbstverst\u00e4ndlich auch prim\u00e4r zur unvermeidlichen oder notwendigen Rechtsdurchsetzung.<\/p>\n<p style=\"text-align: justify;\">Die seit 30 Jahren bestehenden besonderen Beziehungen der Kanzlei hw&amp;h Hertslet Wolfer &amp; Heintz zu Deutschland haben die F\u00e4higkeit ihrer Rechtsanw\u00e4lte zur Betreuung ausl\u00e4ndischer Mandanten geformt. hw&amp;h Hertslet Wolfer &amp; Heintz wird sowohl f\u00fcr gro\u00dfe internationale Unternehmensgruppen und mittelst\u00e4ndische Unternehmen vorwiegend aus dem deutschsprachigen und angels\u00e4chsischen Raum als auch f\u00fcr franz\u00f6sische Unternehmen oder Unternehmensgruppen t\u00e4tig.<\/p>\n<p style=\"text-align: justify;\">Die Rechtsanw\u00e4lte von hw&amp;h Hertlset Wolfer &amp; Heintz teilen eine anspruchsvolle Vision ihres Berufes: <strong>Engagement f\u00fcr ihre Mandanten<\/strong>, <strong>Effizienz <\/strong>der vorgeschlagenen L\u00f6sungen, <strong>ma\u00dfgeschneiderter Service mit Mehrwert <\/strong>f\u00fcr eine volle<strong> Kostenkontrolle <\/strong>beim Mandanten. Sie zeigen ein hohes Interesse f\u00fcr die T\u00e4tigkeiten ihrer Mandanten, um deren Herausforderungen vor Ort zu erkennen und f\u00f6rdern zur Erweiterung ihrer strategischen Perspektive fortlaufend den Austausch unter Anw\u00e4lten und die Teilnahme an Fortbildungen.<\/p>\n","protected":false},"excerpt":{"rendered":"<p>Die Rechtsanw\u00e4lte von hw&amp;h Hertslet Wolfer &amp; Heintz begleiten Unternehmen und ihre F\u00fchrungskr\u00e4fte bei s\u00e4mtlichen Phasen im Leben eines Unternehmens, bei ihrer t\u00e4glichen Gesch\u00e4ftsf\u00fchrung und ihren Beziehungen mit ihren Gesch\u00e4ftspartnern und den Beh\u00f6rden ebenso wie bei Wachstumsma\u00dfnahmen, Restrukturierungen oder besonderen Ereignissen. Alle Rechtsanw\u00e4lte von hw&amp;h Hertslet Wolfer &amp; Heintz stellen im Sinne einer umfassenden Begleitung [&hellip;]<\/p>\n","protected":false},"author":1,"featured_media":0,"parent":0,"menu_order":0,"comment_status":"closed","ping_status":"closed","template":"page-tpl-cabinet.php","meta":[],"acf":[],"yoast_head":"\n<title>Vorstellung | HW&amp;H<\/title>\n<meta name=\"robots\" content=\"index, follow, max-snippet:-1, max-image-preview:large, max-video-preview:-1\" \/>\n<link rel=\"canonical\" href=\"https:\/\/hwh.eu\/de\/unsere-kanzlei\/\" \/>\n<meta property=\"og:locale\" content=\"de_DE\" \/>\n<meta property=\"og:type\" content=\"article\" \/>\n<meta property=\"og:title\" content=\"Vorstellung | HW&amp;H\" \/>\n<meta property=\"og:description\" content=\"Die Rechtsanw\u00e4lte von hw&amp;h Hertslet Wolfer &amp; Heintz begleiten Unternehmen und ihre F\u00fchrungskr\u00e4fte bei s\u00e4mtlichen Phasen im Leben eines Unternehmens, bei ihrer t\u00e4glichen Gesch\u00e4ftsf\u00fchrung und ihren Beziehungen mit ihren Gesch\u00e4ftspartnern und den Beh\u00f6rden ebenso wie bei Wachstumsma\u00dfnahmen, Restrukturierungen oder besonderen Ereignissen. Alle Rechtsanw\u00e4lte von hw&amp;h Hertslet Wolfer &amp; Heintz stellen im Sinne einer umfassenden Begleitung [&hellip;]\" \/>\n<meta property=\"og:url\" content=\"https:\/\/hwh.eu\/de\/unsere-kanzlei\/\" \/>\n<meta property=\"og:site_name\" content=\"HW&amp;H\" \/>\n<meta property=\"article:modified_time\" content=\"2026-01-13T11:10:06+00:00\" \/>\n<meta name=\"twitter:card\" content=\"summary_large_image\" \/>\n<meta name=\"twitter:label1\" content=\"Est. reading time\" \/>\n\t<meta name=\"twitter:data1\" content=\"2 minutes\" \/>\n<script type=\"application\/ld+json\" class=\"yoast-schema-graph\">{\"@context\":\"https:\/\/schema.org\",\"@graph\":[{\"@type\":\"WebPage\",\"@id\":\"https:\/\/hwh.eu\/de\/unsere-kanzlei\/\",\"url\":\"https:\/\/hwh.eu\/de\/unsere-kanzlei\/\",\"name\":\"Vorstellung | HW&amp;H\",\"isPartOf\":{\"@id\":\"https:\/\/hwh.eu\/#website\"},\"datePublished\":\"2016-02-11T13:01:18+00:00\",\"dateModified\":\"2026-01-13T11:10:06+00:00\",\"inLanguage\":\"de-DE\",\"potentialAction\":[{\"@type\":\"ReadAction\",\"target\":[\"https:\/\/hwh.eu\/de\/unsere-kanzlei\/\"]}]},{\"@type\":\"WebSite\",\"@id\":\"https:\/\/hwh.eu\/#website\",\"url\":\"https:\/\/hwh.eu\/\",\"name\":\"HW&amp;H\",\"description\":\"Avocats &amp; Rechtsanw\u00e4lte\",\"potentialAction\":[{\"@type\":\"SearchAction\",\"target\":{\"@type\":\"EntryPoint\",\"urlTemplate\":\"https:\/\/hwh.eu\/?s={search_term_string}\"},\"query-input\":\"required name=search_term_string\"}],\"inLanguage\":\"de-DE\"}]}<\/script>\n","yoast_head_json":{"title":"Vorstellung | HW&amp;H","robots":{"index":"index","follow":"follow","max-snippet":"max-snippet:-1","max-image-preview":"max-image-preview:large","max-video-preview":"max-video-preview:-1"},"canonical":"https:\/\/hwh.eu\/de\/unsere-kanzlei\/","og_locale":"de_DE","og_type":"article","og_title":"Vorstellung | HW&amp;H","og_description":"Die Rechtsanw\u00e4lte von hw&amp;h Hertslet Wolfer &amp; Heintz begleiten Unternehmen und ihre F\u00fchrungskr\u00e4fte bei s\u00e4mtlichen Phasen im Leben eines Unternehmens, bei ihrer t\u00e4glichen Gesch\u00e4ftsf\u00fchrung und ihren Beziehungen mit ihren Gesch\u00e4ftspartnern und den Beh\u00f6rden ebenso wie bei Wachstumsma\u00dfnahmen, Restrukturierungen oder besonderen Ereignissen. Alle Rechtsanw\u00e4lte von hw&amp;h Hertslet Wolfer &amp; Heintz stellen im Sinne einer umfassenden Begleitung [&hellip;]","og_url":"https:\/\/hwh.eu\/de\/unsere-kanzlei\/","og_site_name":"HW&amp;H","article_modified_time":"2026-01-13T11:10:06+00:00","twitter_card":"summary_large_image","twitter_misc":{"Est. reading time":"2 minutes"},"schema":{"@context":"https:\/\/schema.org","@graph":[{"@type":"WebPage","@id":"https:\/\/hwh.eu\/de\/unsere-kanzlei\/","url":"https:\/\/hwh.eu\/de\/unsere-kanzlei\/","name":"Vorstellung | HW&amp;H","isPartOf":{"@id":"https:\/\/hwh.eu\/#website"},"datePublished":"2016-02-11T13:01:18+00:00","dateModified":"2026-01-13T11:10:06+00:00","inLanguage":"de-DE","potentialAction":[{"@type":"ReadAction","target":["https:\/\/hwh.eu\/de\/unsere-kanzlei\/"]}]},{"@type":"WebSite","@id":"https:\/\/hwh.eu\/#website","url":"https:\/\/hwh.eu\/","name":"HW&amp;H","description":"Avocats &amp; Rechtsanw\u00e4lte","potentialAction":[{"@type":"SearchAction","target":{"@type":"EntryPoint","urlTemplate":"https:\/\/hwh.eu\/?s={search_term_string}"},"query-input":"required name=search_term_string"}],"inLanguage":"de-DE"}]}},"post_mailing_queue_ids":[],"_links":{"self":[{"href":"https:\/\/hwh.eu\/de\/wp-json\/wp\/v2\/pages\/3272"}],"collection":[{"href":"https:\/\/hwh.eu\/de\/wp-json\/wp\/v2\/pages"}],"about":[{"href":"https:\/\/hwh.eu\/de\/wp-json\/wp\/v2\/types\/page"}],"author":[{"embeddable":true,"href":"https:\/\/hwh.eu\/de\/wp-json\/wp\/v2\/users\/1"}],"replies":[{"embeddable":true,"href":"https:\/\/hwh.eu\/de\/wp-json\/wp\/v2\/comments?post=3272"}],"version-history":[{"count":9,"href":"https:\/\/hwh.eu\/de\/wp-json\/wp\/v2\/pages\/3272\/revisions"}],"predecessor-version":[{"id":4188,"href":"https:\/\/hwh.eu\/de\/wp-json\/wp\/v2\/pages\/3272\/revisions\/4188"}],"wp:attachment":[{"href":"https:\/\/hwh.eu\/de\/wp-json\/wp\/v2\/media?parent=3272"}],"curies":[{"name":"wp","href":"https:\/\/api.w.org\/{rel}","templated":true}]}}