

{"id":3275,"date":"2016-02-11T14:10:31","date_gmt":"2016-02-11T13:10:31","guid":{"rendered":"https:\/\/hwh.eu\/eine-einzigartige-deutsch-franzoesische-expertise\/"},"modified":"2024-02-12T11:15:17","modified_gmt":"2024-02-12T10:15:17","slug":"eine-einzigartige-deutsch-franzoesische-expertise","status":"publish","type":"page","link":"https:\/\/hwh.eu\/de\/","title":{"rendered":"Kompetenz im deutsch-franz\u00f6sischen Rechtsverkehr"},"content":{"rendered":"<h2 style=\"text-align: justify;\">Die Rechtsanw\u00e4lte von hw&amp;h begleiten sowohl deutsche Unternehmen und ihre franz\u00f6sischen Tochtergesellschaften bei s\u00e4mtlichen juristischen Aspekten ihrer T\u00e4tigkeit in Frankreich als auch franz\u00f6sische Unternehmen in Deutschland.<\/h2>\n<p style=\"text-align: justify;\">Die deutsch-franz\u00f6sische Anwaltskanzlei hw&amp;h Hertslet Wolfer &amp; Heintz zeichnet sich durch ihre Verwurzelung im deutsch-franz\u00f6sischen Wirtschaftsleben aus. Die Mehrzahl unserer Anw\u00e4lte verf\u00fcgt \u00fcber eine deutsch-franz\u00f6sische juristische Ausbildung und mehrere unserer Anw\u00e4lte sind gleichzeitig als deutsche Rechtsanw\u00e4lte und franz\u00f6sische Avocats zugelassen.<\/p>\n","protected":false},"excerpt":{"rendered":"<p>Die Rechtsanw\u00e4lte von hw&amp;h begleiten sowohl deutsche Unternehmen und ihre franz\u00f6sischen Tochtergesellschaften bei s\u00e4mtlichen juristischen Aspekten ihrer T\u00e4tigkeit in Frankreich als auch franz\u00f6sische Unternehmen in Deutschland. Die deutsch-franz\u00f6sische Anwaltskanzlei hw&amp;h Hertslet Wolfer &amp; Heintz zeichnet sich durch ihre Verwurzelung im deutsch-franz\u00f6sischen Wirtschaftsleben aus. Die Mehrzahl unserer Anw\u00e4lte verf\u00fcgt \u00fcber eine deutsch-franz\u00f6sische juristische Ausbildung und mehrere [&hellip;]<\/p>\n","protected":false},"author":1,"featured_media":0,"parent":0,"menu_order":0,"comment_status":"closed","ping_status":"closed","template":"","meta":[],"acf":[],"yoast_head":"\n<title>Kompetenz im deutsch-franz\u00f6sischen Rechtsverkehr | HW&amp;H<\/title>\n<meta name=\"robots\" content=\"index, follow, max-snippet:-1, max-image-preview:large, max-video-preview:-1\" \/>\n<link rel=\"canonical\" href=\"https:\/\/hwh.eu\/de\/\" \/>\n<meta property=\"og:locale\" content=\"de_DE\" \/>\n<meta property=\"og:type\" content=\"article\" \/>\n<meta property=\"og:title\" content=\"Kompetenz im deutsch-franz\u00f6sischen Rechtsverkehr | HW&amp;H\" \/>\n<meta property=\"og:description\" content=\"Die Rechtsanw\u00e4lte von hw&amp;h begleiten sowohl deutsche Unternehmen und ihre franz\u00f6sischen Tochtergesellschaften bei s\u00e4mtlichen juristischen Aspekten ihrer T\u00e4tigkeit in Frankreich als auch franz\u00f6sische Unternehmen in Deutschland. Die deutsch-franz\u00f6sische Anwaltskanzlei hw&amp;h Hertslet Wolfer &amp; Heintz zeichnet sich durch ihre Verwurzelung im deutsch-franz\u00f6sischen Wirtschaftsleben aus. Die Mehrzahl unserer Anw\u00e4lte verf\u00fcgt \u00fcber eine deutsch-franz\u00f6sische juristische Ausbildung und mehrere [&hellip;]\" \/>\n<meta property=\"og:url\" content=\"https:\/\/hwh.eu\/de\/\" \/>\n<meta property=\"og:site_name\" content=\"HW&amp;H\" \/>\n<meta property=\"article:modified_time\" content=\"2024-02-12T10:15:17+00:00\" \/>\n<meta name=\"twitter:card\" content=\"summary_large_image\" \/>\n<meta name=\"twitter:label1\" content=\"Est. reading time\" \/>\n\t<meta name=\"twitter:data1\" content=\"1 minute\" \/>\n<script type=\"application\/ld+json\" class=\"yoast-schema-graph\">{\"@context\":\"https:\/\/schema.org\",\"@graph\":[{\"@type\":\"WebPage\",\"@id\":\"https:\/\/hwh.eu\/de\/\",\"url\":\"https:\/\/hwh.eu\/de\/\",\"name\":\"Kompetenz im deutsch-franz\u00f6sischen Rechtsverkehr | HW&amp;H\",\"isPartOf\":{\"@id\":\"https:\/\/hwh.eu\/#website\"},\"datePublished\":\"2016-02-11T13:10:31+00:00\",\"dateModified\":\"2024-02-12T10:15:17+00:00\",\"inLanguage\":\"de-DE\",\"potentialAction\":[{\"@type\":\"ReadAction\",\"target\":[\"https:\/\/hwh.eu\/de\/\"]}]},{\"@type\":\"WebSite\",\"@id\":\"https:\/\/hwh.eu\/#website\",\"url\":\"https:\/\/hwh.eu\/\",\"name\":\"HW&amp;H\",\"description\":\"Avocats &amp; Rechtsanw\u00e4lte\",\"potentialAction\":[{\"@type\":\"SearchAction\",\"target\":{\"@type\":\"EntryPoint\",\"urlTemplate\":\"https:\/\/hwh.eu\/?s={search_term_string}\"},\"query-input\":\"required name=search_term_string\"}],\"inLanguage\":\"de-DE\"}]}<\/script>\n","yoast_head_json":{"title":"Kompetenz im deutsch-franz\u00f6sischen Rechtsverkehr | HW&amp;H","robots":{"index":"index","follow":"follow","max-snippet":"max-snippet:-1","max-image-preview":"max-image-preview:large","max-video-preview":"max-video-preview:-1"},"canonical":"https:\/\/hwh.eu\/de\/","og_locale":"de_DE","og_type":"article","og_title":"Kompetenz im deutsch-franz\u00f6sischen Rechtsverkehr | HW&amp;H","og_description":"Die Rechtsanw\u00e4lte von hw&amp;h begleiten sowohl deutsche Unternehmen und ihre franz\u00f6sischen Tochtergesellschaften bei s\u00e4mtlichen juristischen Aspekten ihrer T\u00e4tigkeit in Frankreich als auch franz\u00f6sische Unternehmen in Deutschland. Die deutsch-franz\u00f6sische Anwaltskanzlei hw&amp;h Hertslet Wolfer &amp; Heintz zeichnet sich durch ihre Verwurzelung im deutsch-franz\u00f6sischen Wirtschaftsleben aus. Die Mehrzahl unserer Anw\u00e4lte verf\u00fcgt \u00fcber eine deutsch-franz\u00f6sische juristische Ausbildung und mehrere [&hellip;]","og_url":"https:\/\/hwh.eu\/de\/","og_site_name":"HW&amp;H","article_modified_time":"2024-02-12T10:15:17+00:00","twitter_card":"summary_large_image","twitter_misc":{"Est. reading time":"1 minute"},"schema":{"@context":"https:\/\/schema.org","@graph":[{"@type":"WebPage","@id":"https:\/\/hwh.eu\/de\/","url":"https:\/\/hwh.eu\/de\/","name":"Kompetenz im deutsch-franz\u00f6sischen Rechtsverkehr | HW&amp;H","isPartOf":{"@id":"https:\/\/hwh.eu\/#website"},"datePublished":"2016-02-11T13:10:31+00:00","dateModified":"2024-02-12T10:15:17+00:00","inLanguage":"de-DE","potentialAction":[{"@type":"ReadAction","target":["https:\/\/hwh.eu\/de\/"]}]},{"@type":"WebSite","@id":"https:\/\/hwh.eu\/#website","url":"https:\/\/hwh.eu\/","name":"HW&amp;H","description":"Avocats &amp; Rechtsanw\u00e4lte","potentialAction":[{"@type":"SearchAction","target":{"@type":"EntryPoint","urlTemplate":"https:\/\/hwh.eu\/?s={search_term_string}"},"query-input":"required name=search_term_string"}],"inLanguage":"de-DE"}]}},"post_mailing_queue_ids":[],"_links":{"self":[{"href":"https:\/\/hwh.eu\/de\/wp-json\/wp\/v2\/pages\/3275"}],"collection":[{"href":"https:\/\/hwh.eu\/de\/wp-json\/wp\/v2\/pages"}],"about":[{"href":"https:\/\/hwh.eu\/de\/wp-json\/wp\/v2\/types\/page"}],"author":[{"embeddable":true,"href":"https:\/\/hwh.eu\/de\/wp-json\/wp\/v2\/users\/1"}],"replies":[{"embeddable":true,"href":"https:\/\/hwh.eu\/de\/wp-json\/wp\/v2\/comments?post=3275"}],"version-history":[{"count":1,"href":"https:\/\/hwh.eu\/de\/wp-json\/wp\/v2\/pages\/3275\/revisions"}],"predecessor-version":[{"id":3779,"href":"https:\/\/hwh.eu\/de\/wp-json\/wp\/v2\/pages\/3275\/revisions\/3779"}],"wp:attachment":[{"href":"https:\/\/hwh.eu\/de\/wp-json\/wp\/v2\/media?parent=3275"}],"curies":[{"name":"wp","href":"https:\/\/api.w.org\/{rel}","templated":true}]}}