

{"id":3278,"date":"2016-02-11T14:19:18","date_gmt":"2016-02-11T13:19:18","guid":{"rendered":"https:\/\/hwh.eu\/unsere-deutsch-franzoesische-kompetenz\/"},"modified":"2024-03-04T14:40:04","modified_gmt":"2024-03-04T13:40:04","slug":"unsere-deutsch-franzoesische-kompetenz","status":"publish","type":"page","link":"https:\/\/hwh.eu\/de\/unsere-deutsch-franzoesische-kompetenz\/","title":{"rendered":"Unsere deutsch-franz\u00f6sische Kompetenz"},"content":{"rendered":"<p style=\"text-align: justify;\">Die deutsch-franz\u00f6sischen Anw\u00e4lte von hw&amp;h Hertslet Wolfer &amp; Heintz begleiten sowohl deutsche Unternehmen und ihre franz\u00f6sischen Tochtergesellschaften bei s\u00e4mtlichen juristischen Aspekten ihrer T\u00e4tigkeit in Frankreich als auch franz\u00f6sische Unternehmen in Deutschland und stellen ihre Kenntnis der Kulturen und Rechtsordnungen Deutschlands und Frankreichs in den Dienst unserer Mandanten. Auf diese Weise erm\u00f6glichen sie unseren Mandanten ein sachgerechtes und pragmatisches Verst\u00e4ndnis beider M\u00e4rkte.<\/p>\n<p style=\"text-align: justify;\">Die deutschen und franz\u00f6sischen Anw\u00e4lte von hw&amp;h Hertslet Wolfer &amp; Heintz treten vor Gerichten in Frankreich und Deutschland auf und sind in internationalen Schiedsverfahren t\u00e4tig. Ihre berufliche Erfahrung, ihre doppelte Ausbildung und ihre Spezialisierung im Bereich der deutsch-franz\u00f6sischen Beziehungen erm\u00f6glichen ihnen die Ber\u00fccksichtigung der im Gesch\u00e4ftsverkehr und der gerichtlichen Praxis beider L\u00e4nder existierenden Unterschiede.<\/p>\n<p style=\"text-align: justify;\">Die Prozessf\u00fchrung vor Gerichten beider L\u00e4nder erfolgt direkt von Paris und M\u00fcnchen aus und zumeist direkt durch unsere deutsch-franz\u00f6sischen Anw\u00e4lte ohne die Einschaltung von \u00f6rtlichen Korrespondenzanw\u00e4lten. Der Kontakt mit den Gerichten erfolgt auf diese Weise ohne zwischengeschaltete Dritte.<\/p>\n<p style=\"text-align: justify;\">Die Anliegen unserer Mandanten werden interessenorientiert betreut; der Ansatz ist stets pragmatisch, kombiniert die juristische und strategische Analyse und schlie\u00dft die Aspekte des internationalen Privatrechts ein.<\/p>\n","protected":false},"excerpt":{"rendered":"<p>Die deutsch-franz\u00f6sischen Anw\u00e4lte von hw&amp;h Hertslet Wolfer &amp; Heintz begleiten sowohl deutsche Unternehmen und ihre franz\u00f6sischen Tochtergesellschaften bei s\u00e4mtlichen juristischen Aspekten ihrer T\u00e4tigkeit in Frankreich als auch franz\u00f6sische Unternehmen in Deutschland und stellen ihre Kenntnis der Kulturen und Rechtsordnungen Deutschlands und Frankreichs in den Dienst unserer Mandanten. Auf diese Weise erm\u00f6glichen sie unseren Mandanten ein [&hellip;]<\/p>\n","protected":false},"author":1,"featured_media":0,"parent":0,"menu_order":0,"comment_status":"closed","ping_status":"closed","template":"page-tpl-expertise.php","meta":[],"acf":[],"yoast_head":"\n<title>Unsere deutsch-franz\u00f6sische Kompetenz | HW&amp;H<\/title>\n<meta name=\"robots\" content=\"index, follow, max-snippet:-1, max-image-preview:large, max-video-preview:-1\" \/>\n<link rel=\"canonical\" href=\"https:\/\/hwh.eu\/de\/unsere-deutsch-franzoesische-kompetenz\/\" \/>\n<meta property=\"og:locale\" content=\"de_DE\" \/>\n<meta property=\"og:type\" content=\"article\" \/>\n<meta property=\"og:title\" content=\"Unsere deutsch-franz\u00f6sische Kompetenz | HW&amp;H\" \/>\n<meta property=\"og:description\" content=\"Die deutsch-franz\u00f6sischen Anw\u00e4lte von hw&amp;h Hertslet Wolfer &amp; Heintz begleiten sowohl deutsche Unternehmen und ihre franz\u00f6sischen Tochtergesellschaften bei s\u00e4mtlichen juristischen Aspekten ihrer T\u00e4tigkeit in Frankreich als auch franz\u00f6sische Unternehmen in Deutschland und stellen ihre Kenntnis der Kulturen und Rechtsordnungen Deutschlands und Frankreichs in den Dienst unserer Mandanten. Auf diese Weise erm\u00f6glichen sie unseren Mandanten ein [&hellip;]\" \/>\n<meta property=\"og:url\" content=\"https:\/\/hwh.eu\/de\/unsere-deutsch-franzoesische-kompetenz\/\" \/>\n<meta property=\"og:site_name\" content=\"HW&amp;H\" \/>\n<meta property=\"article:modified_time\" content=\"2024-03-04T13:40:04+00:00\" \/>\n<meta name=\"twitter:card\" content=\"summary_large_image\" \/>\n<meta name=\"twitter:label1\" content=\"Est. reading time\" \/>\n\t<meta name=\"twitter:data1\" content=\"1 minute\" \/>\n<script type=\"application\/ld+json\" class=\"yoast-schema-graph\">{\"@context\":\"https:\/\/schema.org\",\"@graph\":[{\"@type\":\"WebPage\",\"@id\":\"https:\/\/hwh.eu\/de\/unsere-deutsch-franzoesische-kompetenz\/\",\"url\":\"https:\/\/hwh.eu\/de\/unsere-deutsch-franzoesische-kompetenz\/\",\"name\":\"Unsere deutsch-franz\u00f6sische Kompetenz | HW&amp;H\",\"isPartOf\":{\"@id\":\"https:\/\/hwh.eu\/#website\"},\"datePublished\":\"2016-02-11T13:19:18+00:00\",\"dateModified\":\"2024-03-04T13:40:04+00:00\",\"inLanguage\":\"de-DE\",\"potentialAction\":[{\"@type\":\"ReadAction\",\"target\":[\"https:\/\/hwh.eu\/de\/unsere-deutsch-franzoesische-kompetenz\/\"]}]},{\"@type\":\"WebSite\",\"@id\":\"https:\/\/hwh.eu\/#website\",\"url\":\"https:\/\/hwh.eu\/\",\"name\":\"HW&amp;H\",\"description\":\"Avocats &amp; Rechtsanw\u00e4lte\",\"potentialAction\":[{\"@type\":\"SearchAction\",\"target\":{\"@type\":\"EntryPoint\",\"urlTemplate\":\"https:\/\/hwh.eu\/?s={search_term_string}\"},\"query-input\":\"required name=search_term_string\"}],\"inLanguage\":\"de-DE\"}]}<\/script>\n","yoast_head_json":{"title":"Unsere deutsch-franz\u00f6sische Kompetenz | HW&amp;H","robots":{"index":"index","follow":"follow","max-snippet":"max-snippet:-1","max-image-preview":"max-image-preview:large","max-video-preview":"max-video-preview:-1"},"canonical":"https:\/\/hwh.eu\/de\/unsere-deutsch-franzoesische-kompetenz\/","og_locale":"de_DE","og_type":"article","og_title":"Unsere deutsch-franz\u00f6sische Kompetenz | HW&amp;H","og_description":"Die deutsch-franz\u00f6sischen Anw\u00e4lte von hw&amp;h Hertslet Wolfer &amp; Heintz begleiten sowohl deutsche Unternehmen und ihre franz\u00f6sischen Tochtergesellschaften bei s\u00e4mtlichen juristischen Aspekten ihrer T\u00e4tigkeit in Frankreich als auch franz\u00f6sische Unternehmen in Deutschland und stellen ihre Kenntnis der Kulturen und Rechtsordnungen Deutschlands und Frankreichs in den Dienst unserer Mandanten. Auf diese Weise erm\u00f6glichen sie unseren Mandanten ein [&hellip;]","og_url":"https:\/\/hwh.eu\/de\/unsere-deutsch-franzoesische-kompetenz\/","og_site_name":"HW&amp;H","article_modified_time":"2024-03-04T13:40:04+00:00","twitter_card":"summary_large_image","twitter_misc":{"Est. reading time":"1 minute"},"schema":{"@context":"https:\/\/schema.org","@graph":[{"@type":"WebPage","@id":"https:\/\/hwh.eu\/de\/unsere-deutsch-franzoesische-kompetenz\/","url":"https:\/\/hwh.eu\/de\/unsere-deutsch-franzoesische-kompetenz\/","name":"Unsere deutsch-franz\u00f6sische Kompetenz | HW&amp;H","isPartOf":{"@id":"https:\/\/hwh.eu\/#website"},"datePublished":"2016-02-11T13:19:18+00:00","dateModified":"2024-03-04T13:40:04+00:00","inLanguage":"de-DE","potentialAction":[{"@type":"ReadAction","target":["https:\/\/hwh.eu\/de\/unsere-deutsch-franzoesische-kompetenz\/"]}]},{"@type":"WebSite","@id":"https:\/\/hwh.eu\/#website","url":"https:\/\/hwh.eu\/","name":"HW&amp;H","description":"Avocats &amp; Rechtsanw\u00e4lte","potentialAction":[{"@type":"SearchAction","target":{"@type":"EntryPoint","urlTemplate":"https:\/\/hwh.eu\/?s={search_term_string}"},"query-input":"required name=search_term_string"}],"inLanguage":"de-DE"}]}},"post_mailing_queue_ids":[],"_links":{"self":[{"href":"https:\/\/hwh.eu\/de\/wp-json\/wp\/v2\/pages\/3278"}],"collection":[{"href":"https:\/\/hwh.eu\/de\/wp-json\/wp\/v2\/pages"}],"about":[{"href":"https:\/\/hwh.eu\/de\/wp-json\/wp\/v2\/types\/page"}],"author":[{"embeddable":true,"href":"https:\/\/hwh.eu\/de\/wp-json\/wp\/v2\/users\/1"}],"replies":[{"embeddable":true,"href":"https:\/\/hwh.eu\/de\/wp-json\/wp\/v2\/comments?post=3278"}],"version-history":[{"count":2,"href":"https:\/\/hwh.eu\/de\/wp-json\/wp\/v2\/pages\/3278\/revisions"}],"predecessor-version":[{"id":3824,"href":"https:\/\/hwh.eu\/de\/wp-json\/wp\/v2\/pages\/3278\/revisions\/3824"}],"wp:attachment":[{"href":"https:\/\/hwh.eu\/de\/wp-json\/wp\/v2\/media?parent=3278"}],"curies":[{"name":"wp","href":"https:\/\/api.w.org\/{rel}","templated":true}]}}