

{"id":3281,"date":"2016-02-11T14:21:45","date_gmt":"2016-02-11T13:21:45","guid":{"rendered":"https:\/\/hwh.eu\/impressum\/"},"modified":"2016-02-11T14:21:45","modified_gmt":"2016-02-11T13:21:45","slug":"impressum","status":"publish","type":"page","link":"https:\/\/hwh.eu\/de\/impressum\/","title":{"rendered":"Impressum"},"content":{"rendered":"<p>Die vorliegende Webseite wurde von der Rechtsanwaltskanzlei hw&amp;h, association d\u2018avocats, 39, rue Pergol\u00e8se, 75116 Paris, erstellt.<br \/>\nN\u00b0 Siret :\u00a0348\u00a0054\u00a0560 00019<\/p>\n<p>Verantwortlich f\u00fcr den Inhalt : Dominique Heintz<br \/>\nKontakt :\u00a0hwh@hwh-avocats.com<br \/>\nTelefonnummer :\u00a0+33 (0) 1 45 01 29 35<\/p>\n<p>Webseiten-Hosting\u00a0: OVH SAS, 2 rue Kellermann &#8211; 59100 Roubaix &#8211; France<br \/>\nDie von Ihnen besuchte Webseite www.hwh.eu\u00a0dient ausschlie\u00dflich der Information \u00fcber die Rechtsanwaltskanzlei hw&amp;h.<\/p>\n<p>Die auf dieser Webseite enthaltenen Informationen stellen in keinem Fall ein Dienstleistungsangebot, ein Angebot, eine Empfehlung oder eine Aufforderung zur Abgabe eines Angebots f\u00fcr diese Dienstleistungen dar.<\/p>\n<p>Die gesamte Webseite unterliegt den Bestimmungen des franz\u00f6sischen und internationalen Rechts \u00fcber das Urheberrecht und das geistige Eigentum. Alle Rechte der Vervielf\u00e4ltigung einschlie\u00dflich der Fotos und Icons bleiben vorbehalten.<\/p>\n<p>Fotos\u00a0: Vincent Blocquaux<\/p>\n<p>Beratung und Projektverwaltung\u00a0: Avocom<\/p>\n<p>Konzept und Realisierung\u00a0: Nineteen Groupe<\/p>\n","protected":false},"excerpt":{"rendered":"<p>Die vorliegende Webseite wurde von der Rechtsanwaltskanzlei hw&amp;h, association d\u2018avocats, 39, rue Pergol\u00e8se, 75116 Paris, erstellt. N\u00b0 Siret :\u00a0348\u00a0054\u00a0560 00019 Verantwortlich f\u00fcr den Inhalt : Dominique Heintz Kontakt :\u00a0hwh@hwh-avocats.com Telefonnummer :\u00a0+33 (0) 1 45 01 29 35 Webseiten-Hosting\u00a0: OVH SAS, 2 rue Kellermann &#8211; 59100 Roubaix &#8211; France Die von Ihnen besuchte Webseite www.hwh.eu\u00a0dient ausschlie\u00dflich [&hellip;]<\/p>\n","protected":false},"author":1,"featured_media":0,"parent":0,"menu_order":0,"comment_status":"closed","ping_status":"closed","template":"","meta":[],"acf":[],"yoast_head":"\n<title>Impressum | HW&amp;H<\/title>\n<meta name=\"robots\" content=\"index, follow, max-snippet:-1, max-image-preview:large, max-video-preview:-1\" \/>\n<link rel=\"canonical\" href=\"https:\/\/hwh.eu\/de\/impressum\/\" \/>\n<meta property=\"og:locale\" content=\"de_DE\" \/>\n<meta property=\"og:type\" content=\"article\" \/>\n<meta property=\"og:title\" content=\"Impressum | HW&amp;H\" \/>\n<meta property=\"og:description\" content=\"Die vorliegende Webseite wurde von der Rechtsanwaltskanzlei hw&amp;h, association d\u2018avocats, 39, rue Pergol\u00e8se, 75116 Paris, erstellt. N\u00b0 Siret :\u00a0348\u00a0054\u00a0560 00019 Verantwortlich f\u00fcr den Inhalt : Dominique Heintz Kontakt :\u00a0hwh@hwh-avocats.com Telefonnummer :\u00a0+33 (0) 1 45 01 29 35 Webseiten-Hosting\u00a0: OVH SAS, 2 rue Kellermann &#8211; 59100 Roubaix &#8211; France Die von Ihnen besuchte Webseite www.hwh.eu\u00a0dient ausschlie\u00dflich [&hellip;]\" \/>\n<meta property=\"og:url\" content=\"https:\/\/hwh.eu\/de\/impressum\/\" \/>\n<meta property=\"og:site_name\" content=\"HW&amp;H\" \/>\n<meta name=\"twitter:card\" content=\"summary_large_image\" \/>\n<meta name=\"twitter:label1\" content=\"Est. reading time\" \/>\n\t<meta name=\"twitter:data1\" content=\"1 minute\" \/>\n<script type=\"application\/ld+json\" class=\"yoast-schema-graph\">{\"@context\":\"https:\/\/schema.org\",\"@graph\":[{\"@type\":\"WebPage\",\"@id\":\"https:\/\/hwh.eu\/de\/impressum\/\",\"url\":\"https:\/\/hwh.eu\/de\/impressum\/\",\"name\":\"Impressum | HW&amp;H\",\"isPartOf\":{\"@id\":\"https:\/\/hwh.eu\/#website\"},\"datePublished\":\"2016-02-11T13:21:45+00:00\",\"dateModified\":\"2016-02-11T13:21:45+00:00\",\"inLanguage\":\"de-DE\",\"potentialAction\":[{\"@type\":\"ReadAction\",\"target\":[\"https:\/\/hwh.eu\/de\/impressum\/\"]}]},{\"@type\":\"WebSite\",\"@id\":\"https:\/\/hwh.eu\/#website\",\"url\":\"https:\/\/hwh.eu\/\",\"name\":\"HW&amp;H\",\"description\":\"Avocats &amp; Rechtsanw\u00e4lte\",\"potentialAction\":[{\"@type\":\"SearchAction\",\"target\":{\"@type\":\"EntryPoint\",\"urlTemplate\":\"https:\/\/hwh.eu\/?s={search_term_string}\"},\"query-input\":\"required name=search_term_string\"}],\"inLanguage\":\"de-DE\"}]}<\/script>\n","yoast_head_json":{"title":"Impressum | HW&amp;H","robots":{"index":"index","follow":"follow","max-snippet":"max-snippet:-1","max-image-preview":"max-image-preview:large","max-video-preview":"max-video-preview:-1"},"canonical":"https:\/\/hwh.eu\/de\/impressum\/","og_locale":"de_DE","og_type":"article","og_title":"Impressum | HW&amp;H","og_description":"Die vorliegende Webseite wurde von der Rechtsanwaltskanzlei hw&amp;h, association d\u2018avocats, 39, rue Pergol\u00e8se, 75116 Paris, erstellt. N\u00b0 Siret :\u00a0348\u00a0054\u00a0560 00019 Verantwortlich f\u00fcr den Inhalt : Dominique Heintz Kontakt :\u00a0hwh@hwh-avocats.com Telefonnummer :\u00a0+33 (0) 1 45 01 29 35 Webseiten-Hosting\u00a0: OVH SAS, 2 rue Kellermann &#8211; 59100 Roubaix &#8211; France Die von Ihnen besuchte Webseite www.hwh.eu\u00a0dient ausschlie\u00dflich [&hellip;]","og_url":"https:\/\/hwh.eu\/de\/impressum\/","og_site_name":"HW&amp;H","twitter_card":"summary_large_image","twitter_misc":{"Est. reading time":"1 minute"},"schema":{"@context":"https:\/\/schema.org","@graph":[{"@type":"WebPage","@id":"https:\/\/hwh.eu\/de\/impressum\/","url":"https:\/\/hwh.eu\/de\/impressum\/","name":"Impressum | HW&amp;H","isPartOf":{"@id":"https:\/\/hwh.eu\/#website"},"datePublished":"2016-02-11T13:21:45+00:00","dateModified":"2016-02-11T13:21:45+00:00","inLanguage":"de-DE","potentialAction":[{"@type":"ReadAction","target":["https:\/\/hwh.eu\/de\/impressum\/"]}]},{"@type":"WebSite","@id":"https:\/\/hwh.eu\/#website","url":"https:\/\/hwh.eu\/","name":"HW&amp;H","description":"Avocats &amp; Rechtsanw\u00e4lte","potentialAction":[{"@type":"SearchAction","target":{"@type":"EntryPoint","urlTemplate":"https:\/\/hwh.eu\/?s={search_term_string}"},"query-input":"required name=search_term_string"}],"inLanguage":"de-DE"}]}},"post_mailing_queue_ids":[],"_links":{"self":[{"href":"https:\/\/hwh.eu\/de\/wp-json\/wp\/v2\/pages\/3281"}],"collection":[{"href":"https:\/\/hwh.eu\/de\/wp-json\/wp\/v2\/pages"}],"about":[{"href":"https:\/\/hwh.eu\/de\/wp-json\/wp\/v2\/types\/page"}],"author":[{"embeddable":true,"href":"https:\/\/hwh.eu\/de\/wp-json\/wp\/v2\/users\/1"}],"replies":[{"embeddable":true,"href":"https:\/\/hwh.eu\/de\/wp-json\/wp\/v2\/comments?post=3281"}],"version-history":[{"count":0,"href":"https:\/\/hwh.eu\/de\/wp-json\/wp\/v2\/pages\/3281\/revisions"}],"wp:attachment":[{"href":"https:\/\/hwh.eu\/de\/wp-json\/wp\/v2\/media?parent=3281"}],"curies":[{"name":"wp","href":"https:\/\/api.w.org\/{rel}","templated":true}]}}