

{"id":3286,"date":"2016-02-25T15:10:58","date_gmt":"2016-02-25T14:10:58","guid":{"rendered":"https:\/\/hwh.eu\/karrieremoeglichkeiten\/"},"modified":"2016-02-25T15:10:58","modified_gmt":"2016-02-25T14:10:58","slug":"karrieremoeglichkeiten","status":"publish","type":"page","link":"https:\/\/hwh.eu\/de\/karrieremoeglichkeiten\/","title":{"rendered":"Karrierem\u00f6glichkeiten"},"content":{"rendered":"<p>hw&amp;h legt hohen Wert auf eine sorgf\u00e4ltige Auswahl seiner zuk\u00fcnftigen Mitarbeiter, deren universit\u00e4rer Werdegang und Berufserfahrung sie in die Lage versetzen muss, die komplexen juristischen Herausforderungen unserer internationalen Mandanten zu erkennen und zu bew\u00e4ltigen.<\/p>\n<p><strong>Rechtsanw\u00e4lte\/Rechtsanw\u00e4ltinnen<\/strong><\/p>\n<p>hw&amp;h stellt regelm\u00e4\u00dfig anwaltliche Mitarbeiter ein.<\/p>\n<p>Wir suchen Kandidaten mit soliden juristischen Kompetenzen. Sehr gute Kenntnisse der deutschen und englischen Sprache sind dabei unerl\u00e4sslich. Ein Doppelstudium (etwa ein juristisches Studium, das durch eine Zusatzausbildung auf einer Wirtschaftshochschule erg\u00e4nzt wird) wird sehr gesch\u00e4tzt.<\/p>\n<p>Die Kandidaten m\u00fcssen \u00fcber eine erfolgreich abgeschlossene juristische Ausbildung verf\u00fcgen (CAPA und\/oder zweites juristisches Staatsexamen).<\/p>\n<p>hw&amp;h bietet seinen Mitarbeitern ein dynamisches und motivierendes deutsch-franz\u00f6sisches Arbeitsumfeld in einer Rechtsanwaltskanzlei, die bewusst eine \u00fcberschaubare Gr\u00f6\u00dfe gehalten hat.<\/p>\n<p>Die Associates arbeiten in Anbindung an ein Team mit einem oder mehreren T\u00e4tigkeitsbereichen. Ihre T\u00e4tigkeit bei hw&amp;h umfasst sowohl die Gebiete der Beratung als auch der Prozessf\u00fchrung.<\/p>\n<p>Die Einstellung von Mitarbeitern erfolgt auf der Grundlage einer Bewerbung mit Lebenslauf und Anschreiben und einem pers\u00f6nlichen Gespr\u00e4ch sowie Einstellungstests.<br \/>\n&nbsp;<\/p>\n<div class=\"bloc-tac\"><a class=\"contact button gray\" href=\"mailto:recrutement@hwh-avocats.com\">Jetzt bewerben<\/a><\/div>\n<p><strong>Praktikanten \/ Referendare<\/strong><\/p>\n<p>hw&amp;h bietet Studierenden in Masterstudieng\u00e4ngen (Master I\/ Master II) und Sch\u00fclern der Anwaltsschule bzw. Rechtsreferendaren die M\u00f6glichkeit von Praktika mit einer Dauer von 2-6 Monaten.<\/p>\n<p>Die Praktikanten werden einem Team zugeordnet und werden w\u00e4hrend der gesamten Dauer ihres Praktikums durch einen Partner betreut. Sie werden an s\u00e4mtlichen T\u00e4tigkeiten beteiligt. Zu ihrem Aufgabenspektrum geh\u00f6ren insbesondere die \u00dcbernahme von juristischen Recherchen, die Erstellung von Vermerken und die Unterst\u00fctzung bei der Abfassung von schriftlichen Memos und Schrifts\u00e4tzen.<\/p>\n<p>Die Vergabe von Praktika erfolgt auf der Grundlage einer Bewerbung mit Lebenslauf und Anschreiben und einem pers\u00f6nlichen Gespr\u00e4ch.<\/p>\n<p>&nbsp;<\/p>\n<p>&nbsp;<\/p>\n<div class=\"bloc-tac\"><a class=\"contact button gray\" href=\"mailto:recrutement@hwh-avocats.com\">Jetzt bewerben<\/a><\/div>\n","protected":false},"excerpt":{"rendered":"<p>hw&amp;h legt hohen Wert auf eine sorgf\u00e4ltige Auswahl seiner zuk\u00fcnftigen Mitarbeiter, deren universit\u00e4rer Werdegang und Berufserfahrung sie in die Lage versetzen muss, die komplexen juristischen Herausforderungen unserer internationalen Mandanten zu erkennen und zu bew\u00e4ltigen. Rechtsanw\u00e4lte\/Rechtsanw\u00e4ltinnen hw&amp;h stellt regelm\u00e4\u00dfig anwaltliche Mitarbeiter ein. Wir suchen Kandidaten mit soliden juristischen Kompetenzen. Sehr gute Kenntnisse der deutschen und englischen [&hellip;]<\/p>\n","protected":false},"author":1,"featured_media":0,"parent":0,"menu_order":0,"comment_status":"closed","ping_status":"closed","template":"page-tpl-recrutement.php","meta":[],"acf":[],"yoast_head":"\n<title>Karrierem\u00f6glichkeiten | HW&amp;H<\/title>\n<meta name=\"robots\" content=\"index, follow, max-snippet:-1, max-image-preview:large, max-video-preview:-1\" \/>\n<link rel=\"canonical\" href=\"https:\/\/hwh.eu\/de\/karrieremoeglichkeiten\/\" \/>\n<meta property=\"og:locale\" content=\"de_DE\" \/>\n<meta property=\"og:type\" content=\"article\" \/>\n<meta property=\"og:title\" content=\"Karrierem\u00f6glichkeiten | HW&amp;H\" \/>\n<meta property=\"og:description\" content=\"hw&amp;h legt hohen Wert auf eine sorgf\u00e4ltige Auswahl seiner zuk\u00fcnftigen Mitarbeiter, deren universit\u00e4rer Werdegang und Berufserfahrung sie in die Lage versetzen muss, die komplexen juristischen Herausforderungen unserer internationalen Mandanten zu erkennen und zu bew\u00e4ltigen. Rechtsanw\u00e4lte\/Rechtsanw\u00e4ltinnen hw&amp;h stellt regelm\u00e4\u00dfig anwaltliche Mitarbeiter ein. Wir suchen Kandidaten mit soliden juristischen Kompetenzen. Sehr gute Kenntnisse der deutschen und englischen [&hellip;]\" \/>\n<meta property=\"og:url\" content=\"https:\/\/hwh.eu\/de\/karrieremoeglichkeiten\/\" \/>\n<meta property=\"og:site_name\" content=\"HW&amp;H\" \/>\n<meta name=\"twitter:card\" content=\"summary_large_image\" \/>\n<meta name=\"twitter:label1\" content=\"Est. reading time\" \/>\n\t<meta name=\"twitter:data1\" content=\"2 minutes\" \/>\n<script type=\"application\/ld+json\" class=\"yoast-schema-graph\">{\"@context\":\"https:\/\/schema.org\",\"@graph\":[{\"@type\":\"WebPage\",\"@id\":\"https:\/\/hwh.eu\/de\/karrieremoeglichkeiten\/\",\"url\":\"https:\/\/hwh.eu\/de\/karrieremoeglichkeiten\/\",\"name\":\"Karrierem\u00f6glichkeiten | HW&amp;H\",\"isPartOf\":{\"@id\":\"https:\/\/hwh.eu\/#website\"},\"datePublished\":\"2016-02-25T14:10:58+00:00\",\"dateModified\":\"2016-02-25T14:10:58+00:00\",\"inLanguage\":\"de-DE\",\"potentialAction\":[{\"@type\":\"ReadAction\",\"target\":[\"https:\/\/hwh.eu\/de\/karrieremoeglichkeiten\/\"]}]},{\"@type\":\"WebSite\",\"@id\":\"https:\/\/hwh.eu\/#website\",\"url\":\"https:\/\/hwh.eu\/\",\"name\":\"HW&amp;H\",\"description\":\"Avocats &amp; Rechtsanw\u00e4lte\",\"potentialAction\":[{\"@type\":\"SearchAction\",\"target\":{\"@type\":\"EntryPoint\",\"urlTemplate\":\"https:\/\/hwh.eu\/?s={search_term_string}\"},\"query-input\":\"required name=search_term_string\"}],\"inLanguage\":\"de-DE\"}]}<\/script>\n","yoast_head_json":{"title":"Karrierem\u00f6glichkeiten | HW&amp;H","robots":{"index":"index","follow":"follow","max-snippet":"max-snippet:-1","max-image-preview":"max-image-preview:large","max-video-preview":"max-video-preview:-1"},"canonical":"https:\/\/hwh.eu\/de\/karrieremoeglichkeiten\/","og_locale":"de_DE","og_type":"article","og_title":"Karrierem\u00f6glichkeiten | HW&amp;H","og_description":"hw&amp;h legt hohen Wert auf eine sorgf\u00e4ltige Auswahl seiner zuk\u00fcnftigen Mitarbeiter, deren universit\u00e4rer Werdegang und Berufserfahrung sie in die Lage versetzen muss, die komplexen juristischen Herausforderungen unserer internationalen Mandanten zu erkennen und zu bew\u00e4ltigen. Rechtsanw\u00e4lte\/Rechtsanw\u00e4ltinnen hw&amp;h stellt regelm\u00e4\u00dfig anwaltliche Mitarbeiter ein. Wir suchen Kandidaten mit soliden juristischen Kompetenzen. Sehr gute Kenntnisse der deutschen und englischen [&hellip;]","og_url":"https:\/\/hwh.eu\/de\/karrieremoeglichkeiten\/","og_site_name":"HW&amp;H","twitter_card":"summary_large_image","twitter_misc":{"Est. reading time":"2 minutes"},"schema":{"@context":"https:\/\/schema.org","@graph":[{"@type":"WebPage","@id":"https:\/\/hwh.eu\/de\/karrieremoeglichkeiten\/","url":"https:\/\/hwh.eu\/de\/karrieremoeglichkeiten\/","name":"Karrierem\u00f6glichkeiten | HW&amp;H","isPartOf":{"@id":"https:\/\/hwh.eu\/#website"},"datePublished":"2016-02-25T14:10:58+00:00","dateModified":"2016-02-25T14:10:58+00:00","inLanguage":"de-DE","potentialAction":[{"@type":"ReadAction","target":["https:\/\/hwh.eu\/de\/karrieremoeglichkeiten\/"]}]},{"@type":"WebSite","@id":"https:\/\/hwh.eu\/#website","url":"https:\/\/hwh.eu\/","name":"HW&amp;H","description":"Avocats &amp; Rechtsanw\u00e4lte","potentialAction":[{"@type":"SearchAction","target":{"@type":"EntryPoint","urlTemplate":"https:\/\/hwh.eu\/?s={search_term_string}"},"query-input":"required name=search_term_string"}],"inLanguage":"de-DE"}]}},"post_mailing_queue_ids":[],"_links":{"self":[{"href":"https:\/\/hwh.eu\/de\/wp-json\/wp\/v2\/pages\/3286"}],"collection":[{"href":"https:\/\/hwh.eu\/de\/wp-json\/wp\/v2\/pages"}],"about":[{"href":"https:\/\/hwh.eu\/de\/wp-json\/wp\/v2\/types\/page"}],"author":[{"embeddable":true,"href":"https:\/\/hwh.eu\/de\/wp-json\/wp\/v2\/users\/1"}],"replies":[{"embeddable":true,"href":"https:\/\/hwh.eu\/de\/wp-json\/wp\/v2\/comments?post=3286"}],"version-history":[{"count":0,"href":"https:\/\/hwh.eu\/de\/wp-json\/wp\/v2\/pages\/3286\/revisions"}],"wp:attachment":[{"href":"https:\/\/hwh.eu\/de\/wp-json\/wp\/v2\/media?parent=3286"}],"curies":[{"name":"wp","href":"https:\/\/api.w.org\/{rel}","templated":true}]}}