

{"id":3289,"date":"2018-05-24T15:24:41","date_gmt":"2018-05-24T14:24:41","guid":{"rendered":"https:\/\/hwh.eu\/cookies\/"},"modified":"2018-05-24T15:24:41","modified_gmt":"2018-05-24T14:24:41","slug":"cookies","status":"publish","type":"page","link":"https:\/\/hwh.eu\/de\/impressum\/cookies\/","title":{"rendered":"COOKIES"},"content":{"rendered":"<p><strong>COOKIES<\/strong><\/p>\n<ol>\n<li><strong><u>Definition und Zweck: Was ist ein Cookie und was sind seine Funktionen?<\/u><\/strong><\/li>\n<\/ol>\n<p>1.1 Ein &#8222;Cookie&#8220; ist eine Computerdatei, die vom Internet-Browser auf der Festplatte des Terminals (Computer, Smartphones, Tablets usw.) abgelegt wird, die von Internetnutzern (im Folgenden &#8222;Benutzer&#8220; oder &#8222;der Benutzer&#8220; genannt) beim Zugriff auf die Website hwh.eu (im Folgenden &#8222;die Webseite&#8220;) verwendet wird. Cookies k\u00f6nnen gegebenenfalls auch gesetzt werden, wenn Benutzer ein Kontaktanfrageformular ausf\u00fcllen, ein Konto erstellen und\/oder einloggen oder auf einen Bereich klicken, der der Werbung f\u00fcr die Webseite gewidmet ist.<\/p>\n<p>1.2 Cookies erm\u00f6glichen es einerseits, Informationen \u00fcber das Surfverhalten der Nutzer auf der Webseite oder im Internet zu speichern und andererseits die dort gespeicherten Informationen zu lesen. Nur der Aussteller eines Cookies kann die darin enthaltenen Informationen lesen.<\/p>\n<p>1.3 Cookies k\u00f6nnen von hw&amp;h oder von Dritten ausgestellt werden. hw&amp;h kennt nicht und kann die von Dritten im eigenen Namen gesetzten Cookies nicht kontrollieren.<\/p>\n<p>1.4 Das Hinterlegen oder Lesen von Cookies hat in der Regel folgende Zwecke:<\/p>\n<p>(i) den Zugang und die Navigation auf der Webseite zu erm\u00f6glichen, zu erleichtern und zu personalisieren<\/p>\n<p>(ii) Informationen \u00fcber ein Formular, das Sie auf unserer Website ausgef\u00fcllt haben, oder \u00fcber Produkte, Dienstleistungen oder Informationen, die Sie auf unserer Website ausgew\u00e4hlt haben, zu speichern;<\/p>\n<p>(iii) die Bereitstellung der von der Website angebotenen Funktionalit\u00e4ten und Dienste zu gew\u00e4hrleisten;<\/p>\n<p>(iv) die Sicherheitsma\u00dfnahmen zu verbessern, z.B. wenn der Benutzer nach einer bestimmten Zeit aufgefordert wird, die Verbindung wiederherzustellen;<\/p>\n<p>(v) Statistiken zu erstellen, die die Herkunft des Verkehrs bestimmen und das Publikum der Webseite, ihrer Seiten, ihrer verschiedenen Funktionalit\u00e4ten und der angebotenen Dienstleistungen messen;<\/p>\n<p>(vi) die Effizienz \u00a0der von hw&amp;h gesendeten Werbung zu messen;<\/p>\n<p>(vii) gezielte, an die Interessen der Nutzer angepasste Werbema\u00dfnahmen durchzuf\u00fchren.<\/p>\n<ol start=\"2\">\n<li><strong><u>Annahme von Cookies auf der Webseite und Dauer der Einwilligung<\/u><\/strong><\/li>\n<\/ol>\n<p>2.1 Beim Aufrufen \u00a0der Webseite wird ein Banner auf dem Bildschirm des Terminals angezeigt, der \u00a0Sie \u00fcber die Existenz von Cookies informiert. Weiterhin werden Sie informiert, dass Sie bei fortgesetzter Navigation, der Speicherung und\/oder dem Lesen \u00a0der \u00a0Cookies auf dem Terminal, im Sinne der \u00a0festgelegten Zweckverwendung, zustimmen.<\/p>\n<p>2.2 Ihre \u00a0Zustimmung\u00a0 zur Verwendung von Cookies \u00a0gilt \u00a0f\u00fcr einen Zeitraum von maximal 13 Monaten. Nach 13 Monaten erfolgt Ihnen gegen\u00fcber eine erneute \u00a0Bewilligungsanfrage. Ihre \u00a0Einwilligung kann selbstverst\u00e4ndlich jederzeit ge\u00e4ndert und\/oder widerrufen werden.<\/p>\n<ol start=\"3\">\n<li><strong><u> Die auf der Webseite verwendeten Cookies<\/u><\/strong><\/li>\n<\/ol>\n<p><strong><u>3.1 Cookies, die f\u00fcr den Zugang auf die Webseite, die Navigation und\/oder die Nutzung der Funktionen und Dienste der Webseite unerl\u00e4sslich sind<\/u><\/strong><\/p>\n<p>Einige der von Hw&amp;h verwendeten Cookies sind f\u00fcr den Zugang oder die Navigation auf der Website unerl\u00e4sslich.\u00a0 Diese Cookies sind auch notwendig, um die auf der Webseite angebotenen Funktionen und Dienstleistungen nutzen zu k\u00f6nnen, wie z.B. die Er\u00f6ffnung eines Kontos oder das Ausf\u00fcllen eines Formulars. Benutzer k\u00f6nnen nicht auf die Funktionen und Dienste zugreifen oder diese durchsuchen oder nutzen, wenn sie die Verwendung dieser Cookies ablehnen.<\/p>\n<table>\n<tbody>\n<tr>\n<td width=\"243\"><strong>Name<\/strong><\/td>\n<td width=\"376\"><strong>Funktion<\/strong><\/td>\n<\/tr>\n<tr>\n<td width=\"243\"><strong>_cfduid<\/strong><\/td>\n<td width=\"376\">Wird vom Content-Netzwerk Cloudflare verwendet, um zuverl\u00e4ssigen Webverkehr zu identifizieren.<\/td>\n<\/tr>\n<tr>\n<td width=\"243\"><strong>qtrans_front_language<\/strong><\/td>\n<td width=\"376\">Dieses Cookie ist notwendig, um die verschiedenen Sprachversionen der Website anzuzeigen.<\/td>\n<\/tr>\n<tr>\n<td width=\"243\"><strong>SERVERID567<\/strong><\/td>\n<td width=\"376\">Dieses Cookie erm\u00f6glicht es, den Benutzer von Seite zu Seite zu erkennen und somit alle Informationen zur Navigation zu erhalten.<\/td>\n<\/tr>\n<tr>\n<td width=\"243\"><strong>splash<\/strong><\/td>\n<td width=\"376\">Dies ist ein Cookie, das den Benutzer auf eine Seite umleitet.<\/td>\n<\/tr>\n<tr>\n<td width=\"243\"><strong>\u00a0<\/strong><\/td>\n<td width=\"376\"><\/td>\n<\/tr>\n<\/tbody>\n<\/table>\n<p><strong><u>\u00a0<\/u><\/strong><\/p>\n<p><strong><u>3.2 Die erforderlichen analytischen Cookies zur Messung der Website-Leistung<\/u><\/strong><\/p>\n<p>Diese Cookies erm\u00f6glichen Informationen \u00fcber die Verbindungsgewohnheiten \u00a0der Nutzer \u00a0der Webseite und der hierbei verwendeten \u00a0Navigationswege. Sie sind n\u00fctzlich, um die Herkunft Ihres Zugangs zur Website zu erfahren, die H\u00e4ufigkeit der Verbindungen zu messen, die besuchten Seiten und die Dauer des Besuchs sowie die verwendeten Funktionen und Dienste zu bestimmen. Diese Cookies k\u00f6nnen abgelehnt werden, ohne den Zugang, die Navigation oder den Nutzen der Funktionen und Dienste der Webseite zu beeintr\u00e4chtigen. Ihre Ablehnung f\u00fchrt jedoch nicht zur Beendigung der Ver\u00f6ffentlichung von Werbungen auf der Webseite.<\/p>\n<table>\n<tbody>\n<tr>\n<td width=\"243\"><strong>Noms<\/strong><\/td>\n<td width=\"371\"><strong>Fonctions<\/strong><\/td>\n<\/tr>\n<tr>\n<td width=\"243\"><strong>_ga<\/strong><\/td>\n<td width=\"371\">Speichert eine eindeutige Kennung, die von Google Analytics verwendet wird, um statistische Daten dar\u00fcber zu generieren, wie Besucher die Website nutzen.<\/td>\n<\/tr>\n<tr>\n<td width=\"243\"><strong>_gat<\/strong><\/td>\n<td width=\"371\">Wird von Google Analytics verwendet, um die Abfragequote drastisch zu reduzieren.<\/td>\n<\/tr>\n<tr>\n<td width=\"243\"><strong>_gid<\/strong><\/td>\n<td width=\"371\">Speichert eine eindeutige Kennung, die von Google Analytics verwendet wird, um statistische Daten dar\u00fcber zu generieren, wie Besucher die Website nutzen.<\/td>\n<\/tr>\n<tr>\n<td width=\"243\"><strong>\u00a0<\/strong><\/td>\n<td width=\"371\"><\/td>\n<\/tr>\n<\/tbody>\n<\/table>\n<p><strong><u>\u00a0<\/u><\/strong><\/p>\n<p><strong><u>3.3 Targeting oder Werbe-Cookies <\/u><\/strong><\/p>\n<p>Werbe-Cookies k\u00f6nnen von Dritten auf unserer Website installiert werden. Diese Marketing-Cookies werden verwendet, um das Navigationsverhalten der Besucher zu verfolgen. Der Zweck dieser Cookies ist die Anzeige von Werbung, die f\u00fcr den Nutzer relevant und interessant ist. Wir haben das Vorhandensein der folgenden Cookies auf unserer Website festgestellt:<\/p>\n<p>&nbsp;<\/p>\n<table>\n<tbody>\n<tr>\n<td width=\"243\"><strong>Noms<\/strong><\/td>\n<td width=\"376\"><strong>Fonctions<\/strong><\/td>\n<\/tr>\n<tr>\n<td width=\"243\"><strong>collect<\/strong><\/td>\n<td width=\"376\">Dies ist ein von Google Analytics installierter Objektplotter.<\/td>\n<\/tr>\n<tr style=\"mso-yfti-irow: 2; mso-prop-change: 'Aur\u00e9lien BOUCHER' 20171102T1527;\">\n<td width=\"243\"><strong>NID<\/strong><\/td>\n<td width=\"376\">Speichert eine Kennung, die das Ger\u00e4t des wiederkehrenden Benutzers identifiziert. Diese Kennung wird f\u00fcr gezielte Anzeigen verwendet.<\/td>\n<\/tr>\n<tr style=\"mso-yfti-irow: 3; mso-yfti-lastrow: yes; mso-prop-change: 'Aur\u00e9lien BOUCHER' 20171102T1527;\">\n<td width=\"243\"><strong>\u00a0<\/strong><\/td>\n<td width=\"376\"><\/td>\n<\/tr>\n<\/tbody>\n<\/table>\n<p><strong><u>\u00a0<\/u><\/strong><\/p>\n<ol start=\"4\">\n<li><strong><u> Cookie-Verwaltung und -Verweigerung<\/u><\/strong><\/li>\n<\/ol>\n<p><strong>4.1<\/strong> Sie \u00a0k\u00f6nnen der Verwendung von Cookies jederzeit zustimmen oder diese ablehnen. Die Zustimmung oder Ablehnung kann gegen\u00fcber einer bestimmten Art von Cookies oder gegen\u00fcber allen Cookies erfolgen. Dar\u00fcber hinaus k\u00f6nnen Sie \u00a0jederzeit Ihre \u00a0Wahl \u00e4ndern. Die Ablehnung einiger oder aller Cookies kann jedoch den Zugang, die Navigation und\/oder die Funktionen und Dienste der Webseite ver\u00e4ndern oder sogar verhindern.<\/p>\n<p><strong>4.2<\/strong> Sie k\u00f6nnen die Verwendung von Cookies \u00fcber Ihren Webbrowser mit den geeigneten Parametern verwalten. Browsereinstellungen k\u00f6nnen Cookies ganz oder teilweise blockieren. Auf die gleiche Weise k\u00f6nnen Sie auch die Cookies, die auf ihren Verbindungsterminals abgelegt sind, l\u00f6schen. Die Blockierung aller Cookies oder das L\u00f6schen einiger oder aller Cookies kann jedoch dazu f\u00fchren, dass beim n\u00e4chsten Aufrufen der Webseite deren Funktionen und Dienste beeintr\u00e4chtigt werden oder nicht mehr genutzt werden k\u00f6nnen.<\/p>\n<p><strong>4.3 <\/strong>Die Methoden zum Setzen oder L\u00f6schen von Cookies variieren je nach dem Art des Internetbrowsers oder der vom Benutzer verwendeten Verbindungsterminals. Zu diesem Zweck l\u00e4dt hw&amp;h die Benutzer ein, das &#8222;Hilfe&#8220;-Men\u00fc ihres Internet-Browsers zu konsultieren indem sie auf folgende Links klicken:<\/p>\n<p><strong>Internet Explorer <\/strong>: <a href=\"https:\/\/support.microsoft.com\/fr-fr\/help\/17442\/windows-internet-explorer-delete-manage-cookies\">https:\/\/support.microsoft.com\/fr-fr\/help\/17442\/windows-internet-explorer-delete-manage-cookies<\/a><\/p>\n<p><strong>Chrome<\/strong> : <a href=\"https:\/\/support.google.com\/chrome\/answer\/95647?hl=fr\">https:\/\/support.google.com\/chrome\/answer\/95647?hl=fr<\/a><\/p>\n<p><strong>Firefox<\/strong> : <a href=\"https:\/\/support.mozilla.org\/fr\/kb\/activer-desactiver-cookies-preferences\">https:\/\/support.mozilla.org\/fr\/kb\/activer-desactiver-cookies-preferences<\/a><\/p>\n<p><strong>Safari : <\/strong><a href=\"https:\/\/support.apple.com\/kb\/ph21411?locale=fr_CA\">https:\/\/support.apple.com\/kb\/ph21411?locale=fr_CA<\/a><\/p>\n<p><strong>Opera <\/strong>: <a href=\"http:\/\/help.opera.com\/Windows\/10.20\/fr\/cookies.html\">http:\/\/help.opera.com\/Windows\/10.20\/fr\/cookies.html<\/a><\/p>\n<p>Grunds\u00e4tzlich kann jeder Internet-Browser von den Benutzern so eingestellt werden, dass Cookies oder manche Arten von Cookies systematisch teilweise akzeptiert oder abgelehnt werden, ggf. je nach Art des Absenders oder der Art des Verbindungsterminals. Die Wahl der Option &#8222;Do Not Track&#8220; oder eines anderen privaten Browsermodus verhindert nicht systematisch die Verwendung von Targeting- oder Werbe-Cookies.<\/p>\n<p><strong>4.4<\/strong> Das Aufrufen, Browsen oder andere \u00a0die Nutzung\u00a0 der Website kann zur Hinterlegung von Cookies und\/oder deren Lesung durch Dritte, z.B.\u00a0 \u00a0soziale Netzwerke(Facebook) &#8211; f\u00fchren. Diese Betreiber k\u00f6nnen\u00a0 Nutzer selbst \u00a0dann identifizieren, wenn keine Interaktion mit sozialen Netzbetreibern stattfindet, insbesondere wenn Ihre bei \u00a0diesen bestehenden \u00a0Konten auf dem verwendeten Verbindungsterminal aktiviert sind. hw&amp;h hat keine Kontrolle \u00fcber die Cookies, die von\u00a0 sozialen Netzbetreibern verwendet werden\u00a0 und hat auf keinem Fall Zugang zu deren Lesung. hw&amp;h l\u00e4dt die Nutzer ein, die von ihnen erstellten Datenschutzrichtlinien und\/oder Cookie-Nutzungsbedingungen zu lesen.<\/p>\n<p><strong>4.<\/strong>5 hw&amp;h kann in keiner Weise weder f\u00fcr die \u00c4nderung oder Unm\u00f6glichkeit des Zugriffs, des Browsens und\/oder der weiteren Nutzung\u00a0 der Website verantwortlich gemacht werden, die sich aus der Wahl der Benutzer in Bezug auf Cookies verursacht werden,.hw&amp;h l\u00e4dt\u00a0 die Benutzer ein, hw&amp;h \u00fcber die Nummer +33 (0)1 45 01 29 35, oder per Email an confidentialite@hwh-avocats.com ou per Post an 39, rue Pergol\u00e8se 75116 Paris (France) f\u00fcr jede Frage bez\u00fcglich der Cookies zu kontaktieren. Dar\u00fcber hinaus k\u00f6nnen die Benutzer auch die Seite der Commission Nationale Informatique et Libert\u00e9s konsultieren, die sich mit der Konfiguration der Parameter der wichtigsten Internet-Browser befasst, indem sie auf folgenden Link klicken: <a href=\"https:\/\/www.cnil.fr\/fr\/cookies-les-outils-pour-les-maitriser\">https:\/\/www.cnil.fr\/fr\/cookies-les-outils-pour-les-maitriser<\/a>.<\/p>\n","protected":false},"excerpt":{"rendered":"<p>COOKIES Definition und Zweck: Was ist ein Cookie und was sind seine Funktionen? 1.1 Ein &#8222;Cookie&#8220; ist eine Computerdatei, die vom Internet-Browser auf der Festplatte des Terminals (Computer, Smartphones, Tablets usw.) abgelegt wird, die von Internetnutzern (im Folgenden &#8222;Benutzer&#8220; oder &#8222;der Benutzer&#8220; genannt) beim Zugriff auf die Website hwh.eu (im Folgenden &#8222;die Webseite&#8220;) verwendet wird. [&hellip;]<\/p>\n","protected":false},"author":24,"featured_media":0,"parent":3281,"menu_order":0,"comment_status":"closed","ping_status":"closed","template":"page-templates\/page-tpl-mentions-legales-cookies.php","meta":[],"acf":[],"yoast_head":"\n<title>COOKIES | HW&amp;H<\/title>\n<meta name=\"robots\" content=\"index, follow, max-snippet:-1, max-image-preview:large, max-video-preview:-1\" \/>\n<link rel=\"canonical\" href=\"https:\/\/hwh.eu\/de\/impressum\/cookies\/\" \/>\n<meta property=\"og:locale\" content=\"de_DE\" \/>\n<meta property=\"og:type\" content=\"article\" \/>\n<meta property=\"og:title\" content=\"COOKIES | HW&amp;H\" \/>\n<meta property=\"og:description\" content=\"COOKIES Definition und Zweck: Was ist ein Cookie und was sind seine Funktionen? 1.1 Ein &#8222;Cookie&#8220; ist eine Computerdatei, die vom Internet-Browser auf der Festplatte des Terminals (Computer, Smartphones, Tablets usw.) abgelegt wird, die von Internetnutzern (im Folgenden &#8222;Benutzer&#8220; oder &#8222;der Benutzer&#8220; genannt) beim Zugriff auf die Website hwh.eu (im Folgenden &#8222;die Webseite&#8220;) verwendet wird. [&hellip;]\" \/>\n<meta property=\"og:url\" content=\"https:\/\/hwh.eu\/de\/impressum\/cookies\/\" \/>\n<meta property=\"og:site_name\" content=\"HW&amp;H\" \/>\n<meta name=\"twitter:card\" content=\"summary_large_image\" \/>\n<meta name=\"twitter:label1\" content=\"Est. reading time\" \/>\n\t<meta name=\"twitter:data1\" content=\"8 minutes\" \/>\n<script type=\"application\/ld+json\" class=\"yoast-schema-graph\">{\"@context\":\"https:\/\/schema.org\",\"@graph\":[{\"@type\":\"WebPage\",\"@id\":\"https:\/\/hwh.eu\/de\/impressum\/cookies\/\",\"url\":\"https:\/\/hwh.eu\/de\/impressum\/cookies\/\",\"name\":\"COOKIES | HW&amp;H\",\"isPartOf\":{\"@id\":\"https:\/\/hwh.eu\/#website\"},\"datePublished\":\"2018-05-24T14:24:41+00:00\",\"dateModified\":\"2018-05-24T14:24:41+00:00\",\"breadcrumb\":{\"@id\":\"https:\/\/hwh.eu\/de\/impressum\/cookies\/#breadcrumb\"},\"inLanguage\":\"de-DE\",\"potentialAction\":[{\"@type\":\"ReadAction\",\"target\":[\"https:\/\/hwh.eu\/de\/impressum\/cookies\/\"]}]},{\"@type\":\"BreadcrumbList\",\"@id\":\"https:\/\/hwh.eu\/de\/impressum\/cookies\/#breadcrumb\",\"itemListElement\":[{\"@type\":\"ListItem\",\"position\":1,\"name\":\"Impressum\",\"item\":\"https:\/\/hwh.eu\/de\/impressum\/\"},{\"@type\":\"ListItem\",\"position\":2,\"name\":\"COOKIES\"}]},{\"@type\":\"WebSite\",\"@id\":\"https:\/\/hwh.eu\/#website\",\"url\":\"https:\/\/hwh.eu\/\",\"name\":\"HW&amp;H\",\"description\":\"Avocats &amp; Rechtsanw\u00e4lte\",\"potentialAction\":[{\"@type\":\"SearchAction\",\"target\":{\"@type\":\"EntryPoint\",\"urlTemplate\":\"https:\/\/hwh.eu\/?s={search_term_string}\"},\"query-input\":\"required name=search_term_string\"}],\"inLanguage\":\"de-DE\"}]}<\/script>\n","yoast_head_json":{"title":"COOKIES | HW&amp;H","robots":{"index":"index","follow":"follow","max-snippet":"max-snippet:-1","max-image-preview":"max-image-preview:large","max-video-preview":"max-video-preview:-1"},"canonical":"https:\/\/hwh.eu\/de\/impressum\/cookies\/","og_locale":"de_DE","og_type":"article","og_title":"COOKIES | HW&amp;H","og_description":"COOKIES Definition und Zweck: Was ist ein Cookie und was sind seine Funktionen? 1.1 Ein &#8222;Cookie&#8220; ist eine Computerdatei, die vom Internet-Browser auf der Festplatte des Terminals (Computer, Smartphones, Tablets usw.) abgelegt wird, die von Internetnutzern (im Folgenden &#8222;Benutzer&#8220; oder &#8222;der Benutzer&#8220; genannt) beim Zugriff auf die Website hwh.eu (im Folgenden &#8222;die Webseite&#8220;) verwendet wird. [&hellip;]","og_url":"https:\/\/hwh.eu\/de\/impressum\/cookies\/","og_site_name":"HW&amp;H","twitter_card":"summary_large_image","twitter_misc":{"Est. reading time":"8 minutes"},"schema":{"@context":"https:\/\/schema.org","@graph":[{"@type":"WebPage","@id":"https:\/\/hwh.eu\/de\/impressum\/cookies\/","url":"https:\/\/hwh.eu\/de\/impressum\/cookies\/","name":"COOKIES | HW&amp;H","isPartOf":{"@id":"https:\/\/hwh.eu\/#website"},"datePublished":"2018-05-24T14:24:41+00:00","dateModified":"2018-05-24T14:24:41+00:00","breadcrumb":{"@id":"https:\/\/hwh.eu\/de\/impressum\/cookies\/#breadcrumb"},"inLanguage":"de-DE","potentialAction":[{"@type":"ReadAction","target":["https:\/\/hwh.eu\/de\/impressum\/cookies\/"]}]},{"@type":"BreadcrumbList","@id":"https:\/\/hwh.eu\/de\/impressum\/cookies\/#breadcrumb","itemListElement":[{"@type":"ListItem","position":1,"name":"Impressum","item":"https:\/\/hwh.eu\/de\/impressum\/"},{"@type":"ListItem","position":2,"name":"COOKIES"}]},{"@type":"WebSite","@id":"https:\/\/hwh.eu\/#website","url":"https:\/\/hwh.eu\/","name":"HW&amp;H","description":"Avocats &amp; Rechtsanw\u00e4lte","potentialAction":[{"@type":"SearchAction","target":{"@type":"EntryPoint","urlTemplate":"https:\/\/hwh.eu\/?s={search_term_string}"},"query-input":"required name=search_term_string"}],"inLanguage":"de-DE"}]}},"post_mailing_queue_ids":[],"_links":{"self":[{"href":"https:\/\/hwh.eu\/de\/wp-json\/wp\/v2\/pages\/3289"}],"collection":[{"href":"https:\/\/hwh.eu\/de\/wp-json\/wp\/v2\/pages"}],"about":[{"href":"https:\/\/hwh.eu\/de\/wp-json\/wp\/v2\/types\/page"}],"author":[{"embeddable":true,"href":"https:\/\/hwh.eu\/de\/wp-json\/wp\/v2\/users\/24"}],"replies":[{"embeddable":true,"href":"https:\/\/hwh.eu\/de\/wp-json\/wp\/v2\/comments?post=3289"}],"version-history":[{"count":0,"href":"https:\/\/hwh.eu\/de\/wp-json\/wp\/v2\/pages\/3289\/revisions"}],"up":[{"embeddable":true,"href":"https:\/\/hwh.eu\/de\/wp-json\/wp\/v2\/pages\/3281"}],"wp:attachment":[{"href":"https:\/\/hwh.eu\/de\/wp-json\/wp\/v2\/media?parent=3289"}],"curies":[{"name":"wp","href":"https:\/\/api.w.org\/{rel}","templated":true}]}}